{"id":137,"date":"2022-05-14T01:55:22","date_gmt":"2022-05-14T01:55:22","guid":{"rendered":"https:\/\/altosdegranada.com\/index.php\/preguntas-frecuentes-2\/"},"modified":"2022-05-14T01:55:22","modified_gmt":"2022-05-14T01:55:22","slug":"preguntas-frecuentes-2","status":"publish","type":"page","link":"https:\/\/altosdegranada.com\/index.php\/preguntas-frecuentes-2\/","title":{"rendered":"Preguntas Frecuentes"},"content":{"rendered":"<div  class=\"ewd-ufaq-faq-list ewd-ufaq-page-type-distinct ewd-ufaq-category-tabs-\" id='ewd-ufaq-faq-list'>\n\n\t<input type='hidden' name='show_on_load' value='' id='ewd-ufaq-show-on-load' \/>\n<input type='hidden' name='include_category' value='' id='ewd-ufaq-include-category' \/>\n<input type='hidden' name='exclude_category' value='' id='ewd-ufaq-exclude-category' \/>\n<input type='hidden' name='orderby' value='title' id='ewd-ufaq-orderby' \/>\n<input type='hidden' name='order' value='asc' id='ewd-ufaq-order' \/>\n<input type='hidden' name='post_count' value='-1' id='ewd-ufaq-post-count' \/>\n<input type='hidden' name='current_url' value='\/index.php\/wp-json\/wp\/v2\/pages\/137' id='ewd-ufaq-current-url' \/>\n\t\n\t\n\t<div class='ewd-ufaq-faqs'>\n\n\t\t<div  class=\"ewd-ufaq-faq-div ewd-ufaq-faq-column-count-one ewd-ufaq-faq-responsive-columns- ewd-ufaq-faq-display-style-default ewd-ufaq-can-be-toggled\" id='ewd-ufaq-post-136-V3xTMRWqby' data-post_id='136'>\n\n\t\t\n\t<div class='ewd-ufaq-faq-title ewd-ufaq-faq-toggle'>\n\t\n\t<a class='ewd-ufaq-post-margin'  href='#' role=\"button\">\n\n\t\t<div class='ewd-ufaq-post-margin-symbol ewd-ufaq-'>\n\t\t\t<span >A<\/span>\n\t\t<\/div>\n\n\t\t<div class='ewd-ufaq-faq-title-text'>\n\n\t\t\t<h4>\n\t\t\t\tCual es el horario de atenci\u00f3n de la administraci\u00f3n?\t\t\t<\/h4>\n\n\t\t<\/div>\n\n\t\t<div class='ewd-ufaq-clear'><\/div>\n\n\t<\/a>\n\t\n<\/div>\n\t\n\t<div class='ewd-ufaq-faq-body' >\n\n\t\t\n\t\t\t<div class='ewd-ufaq-faq-categories'>\n\t\n\tCategory:\n\t\n\t\t<a href=\"https:\/\/altosdegranada.com\/index.php\/ufaq\/cual-es-el-hoarrio-de-atencion-de-la-administracion\/?include_category=administracion\">Administraci\u00f3n<\/a>\n\t\n<\/div>\n\t\t\n\t\t\t<div class='ewd-ufaq-post-margin ewd-ufaq-faq-post'>\n\t<table class=\"has-background-color-background-color has-background has-fixed-layout\">\n<tbody>\n<tr>\n<td>D\u00eda<\/td>\n<td>Horario<\/td>\n<\/tr>\n<tr>\n<td>Lunes<\/td>\n<td>9:00 am hasta 12:00 pm<\/td>\n<\/tr>\n<tr>\n<td>Martes<\/td>\n<td>2:00 pm hasta 5:00 pm<\/td>\n<\/tr>\n<tr>\n<td>Miercoles<\/td>\n<td>5:00 pm hasta 8:00 pm<\/td>\n<\/tr>\n<tr>\n<td>Jueves<\/td>\n<td>2:00 pm hasta 5:00 pm<\/td>\n<\/tr>\n<tr>\n<td>Viernes<\/td>\n<td>9:00 am hasta 12:00 pm<\/td>\n<\/tr>\n<tr>\n<td>Sabado<\/td>\n<td>9:00 am hasta 12:00 pm cada 15 d\u00edas.<\/td>\n<\/tr>\n<\/tbody>\n<\/table><\/div>\n\t\t\n\t\t\t\n\t\t\n\t\t\t\n\t\t\n\t\t\t\n\t\t\n\t\t\t\n\t\t\n\t\t\t\n\t\t\n\t\t\t\n\t\t\n\t\t\t\t<div id=\"respond\" class=\"comment-respond\">\n\t\t<h3 id=\"reply-title\" class=\"comment-reply-title\">Deja un comentario <small><a rel=\"nofollow\" id=\"cancel-comment-reply-link\" href=\"\/index.php\/wp-json\/wp\/v2\/pages\/137#respond\" style=\"display:none;\">Cancelar respuesta<\/a><\/small><\/h3><form action=\"https:\/\/altosdegranada.com\/wp-comments-post.php\" method=\"post\" id=\"commentform\" class=\"comment-form\"><p class=\"comment-notes\"><span id=\"email-notes\">Tu direcci\u00f3n de correo electr\u00f3nico no ser\u00e1 publicada.<\/span> <span class=\"required-field-message\">Los campos obligatorios est\u00e1n marcados con <span class=\"required\">*<\/span><\/span><\/p><div class=\"row\"> <div class=\"col-md-4\"> <div class=\"form-group label-floating is-empty\"> <label class=\"control-label\">Nombre <span class=\"required\">*<\/span><\/label><input id=\"author\" name=\"author\" class=\"form-control\" type=\"text\" aria-required='true' \/> <span class=\"hestia-input\"><\/span> <\/div> <\/div>\n<div class=\"col-md-4\"> <div class=\"form-group label-floating is-empty\"> <label class=\"control-label\">Correo electr\u00f3nico <span class=\"required\">*<\/span><\/label><input id=\"email\" name=\"email\" class=\"form-control\" type=\"email\" aria-required='true' \/> <span class=\"hestia-input\"><\/span> <\/div> <\/div>\n<div class=\"col-md-4\"> <div class=\"form-group label-floating is-empty\"> <label class=\"control-label\">Sitio web<\/label><input id=\"url\" name=\"url\" class=\"form-control\" type=\"url\" aria-required='true' \/> <span class=\"hestia-input\"><\/span> <\/div> <\/div> <\/div>\n<p class=\"comment-form-comment\"><label for=\"comment\">Comentario <span class=\"required\">*<\/span><\/label> <textarea id=\"comment\" name=\"comment\" cols=\"45\" rows=\"8\" maxlength=\"65525\" required=\"required\"><\/textarea><\/p><p class=\"comment-form-cookies-consent\"><input id=\"wp-comment-cookies-consent\" name=\"wp-comment-cookies-consent\" type=\"checkbox\" value=\"yes\" \/> <label for=\"wp-comment-cookies-consent\">Guardar mi nombre, correo electr\u00f3nico y sitio web en este navegador para la pr\u00f3xima vez que haga un comentario.<\/label><\/p>\n<p class=\"form-submit\"><input name=\"submit\" type=\"submit\" id=\"submit\" class=\"submit\" value=\"Publicar comentario\" \/> <input type='hidden' name='comment_post_ID' value='136' id='comment_post_ID' \/>\n<input type='hidden' name='comment_parent' id='comment_parent' value='0' \/>\n<\/p><\/form>\t<\/div><!-- #respond -->\n\t\n\t\t\n\t\t\t\n\t\t\n\t<\/div>\n\n<\/div>\n\t<\/div>\n\n\t\n<\/div>","protected":false},"excerpt":{"rendered":"<p>A Cual es el horario de atenci\u00f3n de la administraci\u00f3n? Category: Administraci\u00f3n D\u00eda Horario Lunes 9:00 am hasta 12:00 pm Martes 2:00 pm hasta 5:00 pm Miercoles 5:00 pm hasta 8:00 pm Jueves 2:00 pm hasta 5:00 pm Viernes 9:00 am hasta 12:00 pm Sabado 9:00 am hasta 12:00 pm [&hellip;]<\/p>\n","protected":false},"author":2,"featured_media":0,"parent":0,"menu_order":0,"comment_status":"closed","ping_status":"closed","template":"","meta":{"om_disable_all_campaigns":false,"_monsterinsights_skip_tracking":false,"_monsterinsights_sitenote_active":false,"_monsterinsights_sitenote_note":"","_monsterinsights_sitenote_category":0,"_themeisle_gutenberg_block_has_review":false,"footnotes":""},"class_list":["post-137","page","type-page","status-publish","hentry"],"aioseo_notices":[],"_links":{"self":[{"href":"https:\/\/altosdegranada.com\/index.php\/wp-json\/wp\/v2\/pages\/137","targetHints":{"allow":["GET"]}}],"collection":[{"href":"https:\/\/altosdegranada.com\/index.php\/wp-json\/wp\/v2\/pages"}],"about":[{"href":"https:\/\/altosdegranada.com\/index.php\/wp-json\/wp\/v2\/types\/page"}],"author":[{"embeddable":true,"href":"https:\/\/altosdegranada.com\/index.php\/wp-json\/wp\/v2\/users\/2"}],"replies":[{"embeddable":true,"href":"https:\/\/altosdegranada.com\/index.php\/wp-json\/wp\/v2\/comments?post=137"}],"version-history":[{"count":0,"href":"https:\/\/altosdegranada.com\/index.php\/wp-json\/wp\/v2\/pages\/137\/revisions"}],"wp:attachment":[{"href":"https:\/\/altosdegranada.com\/index.php\/wp-json\/wp\/v2\/media?parent=137"}],"curies":[{"name":"wp","href":"https:\/\/api.w.org\/{rel}","templated":true}]}}