{"id":144,"date":"2022-05-14T14:29:21","date_gmt":"2022-05-14T14:29:21","guid":{"rendered":"https:\/\/altosdegranada.com\/?page_id=144"},"modified":"2025-12-18T21:49:02","modified_gmt":"2025-12-19T02:49:02","slug":"canales-de-comunicacion","status":"publish","type":"page","link":"https:\/\/altosdegranada.com\/index.php\/canales-de-comunicacion\/","title":{"rendered":"Canales de Comunicaci\u00f3n"},"content":{"rendered":"\t\t<div data-elementor-type=\"wp-page\" data-elementor-id=\"144\" class=\"elementor elementor-144\">\n\t\t\t\t\t\t<section class=\"elementor-section elementor-top-section elementor-element elementor-element-30ae37ce elementor-section-boxed elementor-section-height-default elementor-section-height-default\" data-id=\"30ae37ce\" data-element_type=\"section\" data-e-type=\"section\">\n\t\t\t\t\t\t<div class=\"elementor-container elementor-column-gap-default\">\n\t\t\t\t\t<div class=\"elementor-column elementor-col-100 elementor-top-column elementor-element elementor-element-5bd5aae6\" data-id=\"5bd5aae6\" data-element_type=\"column\" data-e-type=\"column\">\n\t\t\t<div class=\"elementor-widget-wrap elementor-element-populated\">\n\t\t\t\t\t\t<div class=\"elementor-element elementor-element-859f8f7 elementor-widget elementor-widget-text-editor\" data-id=\"859f8f7\" data-element_type=\"widget\" data-e-type=\"widget\" data-widget_type=\"text-editor.default\">\n\t\t\t\t<div class=\"elementor-widget-container\">\n\t\t\t\t\t\t\t\t\t\n<section id=\"wp-block-themeisle-blocks-advanced-columns-e4373a2b\" class=\"wp-block-themeisle-blocks-advanced-columns alignfull has-1-columns has-desktop-equal-layout has-tablet-equal-layout has-mobile-equal-layout has-vertical-flex-start has-light-bg\">\n<div class=\"wp-block-themeisle-blocks-advanced-columns-overlay\"><\/div>\n<div class=\"innerblocks-wrap\">\n<div id=\"wp-block-themeisle-blocks-advanced-column-0b9db5af\" class=\"wp-block-themeisle-blocks-advanced-column\">\n<section id=\"wp-block-themeisle-blocks-advanced-columns-62d68e08\" class=\"wp-block-themeisle-blocks-advanced-columns has-1-columns has-desktop-equal-layout has-tablet-equal-layout has-mobile-collapsedRows-layout has-vertical-flex-start\">\n<div class=\"wp-block-themeisle-blocks-advanced-columns-overlay\"><\/div>\n<div class=\"innerblocks-wrap\">\n<div id=\"wp-block-themeisle-blocks-advanced-column-ba020b38\" class=\"wp-block-themeisle-blocks-advanced-column\">\n<h2 class=\"wp-block-heading has-text-align-left\"><\/h2>\n\n<p>Para el consejo de administraci\u00f3n y todo el equipo de trabajo del conjunto residencial Altos de Granada, es muy importante mantenernos en contacto con nuestros copropietarios. Por esta raz\u00f3n hemos creado canales de comunicaci\u00f3n que nos ayudar\u00e1n a tener una mejor fluidez en la respuesta a las inquietudes y sugerencias que se presenten.<\/p>\n<\/div>\n<\/div>\n<\/section>\n\n<section id=\"wp-block-themeisle-blocks-advanced-columns-6fc7adce\" class=\"wp-block-themeisle-blocks-advanced-columns has-3-columns has-desktop-equal-layout has-tablet-equal-layout has-mobile-collapsedRows-layout has-vertical-flex-start\">\n<div class=\"wp-block-themeisle-blocks-advanced-columns-overlay\"><\/div>\n<div class=\"innerblocks-wrap\">\n<div id=\"wp-block-themeisle-blocks-advanced-column-25e97a9a\" class=\"wp-block-themeisle-blocks-advanced-column\">\n<figure class=\"wp-block-image size-full\"><img data-opt-src=\"https:\/\/mlzzrqkxgqkz.i.optimole.com\/cb:FsOe.e48\/w:auto\/h:auto\/q:mauto\/f:best\/https:\/\/altosdegranada.com\/wp-content\/uploads\/2022\/05\/virtual-1.png\"   decoding=\"async\" width=\"600\" height=\"760\" decoding=async data-opt-id=612240351   src=\"data:image/svg+xml,%3Csvg%20viewBox%3D%220%200%20100%%20100%%22%20width%3D%22100%%22%20height%3D%22100%%22%20xmlns%3D%22http%3A%2F%2Fwww.w3.org%2F2000%2Fsvg%22%3E%3Crect%20width%3D%22100%%22%20height%3D%22100%%22%20fill%3D%22transparent%22%2F%3E%3C%2Fsvg%3E\" alt=\"\" class=\"wp-image-176\" old-srcset=\"https:\/\/mlzzrqkxgqkz.i.optimole.com\/cb:FsOe.e48\/w:600\/h:760\/q:mauto\/f:best\/https:\/\/altosdegranada.com\/wp-content\/uploads\/2022\/05\/virtual-1.png 600w, https:\/\/mlzzrqkxgqkz.i.optimole.com\/cb:FsOe.e48\/w:237\/h:300\/q:mauto\/f:best\/https:\/\/altosdegranada.com\/wp-content\/uploads\/2022\/05\/virtual-1.png 237w, https:\/\/mlzzrqkxgqkz.i.optimole.com\/cb:FsOe.e48\/w:9\/h:12\/q:mauto\/f:best\/dpr:2\/https:\/\/altosdegranada.com\/wp-content\/uploads\/2022\/05\/virtual-1.png 9w\" \/><\/figure>\n\n<h3 class=\"wp-block-heading has-text-align-left\">Virtual<\/h3>\n\n<p class=\"has-text-align-left\">Por este canal puedes interactuar, conocer y enviar tus comentarios, desde formulario y foros.<\/p>\n\n<div class=\"wp-block-buttons is-layout-flex wp-block-buttons-is-layout-flex\">\n<div class=\"wp-block-button is-style-primary\"><a class=\"wp-block-button__link has-accent-background-color has-background wp-element-button\" href=\"\/index.php\/comunicacion-virtual\/\">Comun\u00edcate Virtual<\/a><\/div>\n<\/div>\n<\/div>\n\n<div id=\"wp-block-themeisle-blocks-advanced-column-b5b3ad1c\" class=\"wp-block-themeisle-blocks-advanced-column\">\n<figure class=\"wp-block-image size-full\"><img data-opt-src=\"https:\/\/mlzzrqkxgqkz.i.optimole.com\/cb:FsOe.e48\/w:auto\/h:auto\/q:mauto\/f:best\/https:\/\/altosdegranada.com\/wp-content\/uploads\/2022\/05\/presencial-1.png\"   decoding=\"async\" width=\"600\" height=\"760\" decoding=async data-opt-id=1361693434   src=\"data:image/svg+xml,%3Csvg%20viewBox%3D%220%200%20100%%20100%%22%20width%3D%22100%%22%20height%3D%22100%%22%20xmlns%3D%22http%3A%2F%2Fwww.w3.org%2F2000%2Fsvg%22%3E%3Crect%20width%3D%22100%%22%20height%3D%22100%%22%20fill%3D%22transparent%22%2F%3E%3C%2Fsvg%3E\" alt=\"\" class=\"wp-image-177\" old-srcset=\"https:\/\/mlzzrqkxgqkz.i.optimole.com\/cb:FsOe.e48\/w:600\/h:760\/q:mauto\/f:best\/https:\/\/altosdegranada.com\/wp-content\/uploads\/2022\/05\/presencial-1.png 600w, https:\/\/mlzzrqkxgqkz.i.optimole.com\/cb:FsOe.e48\/w:237\/h:300\/q:mauto\/f:best\/https:\/\/altosdegranada.com\/wp-content\/uploads\/2022\/05\/presencial-1.png 237w, https:\/\/mlzzrqkxgqkz.i.optimole.com\/cb:FsOe.e48\/w:9\/h:12\/q:mauto\/f:best\/dpr:2\/https:\/\/altosdegranada.com\/wp-content\/uploads\/2022\/05\/presencial-1.png 9w\" \/><\/figure>\n\n<h3 class=\"wp-block-heading has-text-align-left\">Presencial<\/h3>\n\n<p class=\"has-text-align-left\">Las puertas est\u00e1n abiertas para todos los copropietarios. Conoce los horarios de atenci\u00f3n en las oficinas de administraci\u00f3n.<\/p>\n\n<div class=\"wp-block-buttons is-layout-flex wp-block-buttons-is-layout-flex\">\n<div class=\"wp-block-button is-style-primary\"><a class=\"wp-block-button__link has-accent-background-color has-background wp-element-button\" href=\"\/index.php\/horario-de-administraci\u00f3n-atenci\u00f3n-presencial\/\" target=\"_blank\" rel=\"noreferrer noopener\">Horario Atenci\u00f3n<\/a><\/div>\n<\/div>\n<\/div>\n\n<div id=\"wp-block-themeisle-blocks-advanced-column-6be03cf4\" class=\"wp-block-themeisle-blocks-advanced-column\">\n<figure class=\"wp-block-image size-full\"><img data-opt-src=\"https:\/\/mlzzrqkxgqkz.i.optimole.com\/cb:FsOe.e48\/w:auto\/h:auto\/q:mauto\/f:best\/https:\/\/altosdegranada.com\/wp-content\/uploads\/2022\/05\/43019c48b1d134cc4dc25f5204c9e26a-1.jpg\"   decoding=\"async\" width=\"600\" height=\"760\" decoding=async data-opt-id=557338623   src=\"data:image/svg+xml,%3Csvg%20viewBox%3D%220%200%20100%%20100%%22%20width%3D%22100%%22%20height%3D%22100%%22%20xmlns%3D%22http%3A%2F%2Fwww.w3.org%2F2000%2Fsvg%22%3E%3Crect%20width%3D%22100%%22%20height%3D%22100%%22%20fill%3D%22transparent%22%2F%3E%3C%2Fsvg%3E\" alt=\"\" class=\"wp-image-178\" old-srcset=\"https:\/\/mlzzrqkxgqkz.i.optimole.com\/cb:FsOe.e48\/w:600\/h:760\/q:mauto\/f:best\/https:\/\/altosdegranada.com\/wp-content\/uploads\/2022\/05\/43019c48b1d134cc4dc25f5204c9e26a-1.jpg 600w, https:\/\/mlzzrqkxgqkz.i.optimole.com\/cb:FsOe.e48\/w:237\/h:300\/q:mauto\/f:best\/https:\/\/altosdegranada.com\/wp-content\/uploads\/2022\/05\/43019c48b1d134cc4dc25f5204c9e26a-1.jpg 237w, https:\/\/mlzzrqkxgqkz.i.optimole.com\/cb:FsOe.e48\/w:9\/h:12\/q:mauto\/f:best\/dpr:2\/https:\/\/altosdegranada.com\/wp-content\/uploads\/2022\/05\/43019c48b1d134cc4dc25f5204c9e26a-1.jpg 9w\" \/><\/figure>\n\n<h3 class=\"wp-block-heading has-text-align-left\">Cartelera<\/h3>\n\n<p class=\"has-text-align-left\">Un canal muy importante, donde podr\u00e1s ver noticias de inter\u00e9s para la comunidad. Con una cartelera principal y una por torre.<\/p>\n\n<div class=\"wp-block-buttons is-layout-flex wp-block-buttons-is-layout-flex\">\n<div class=\"wp-block-button is-style-primary\"><a class=\"wp-block-button__link has-accent-background-color has-background wp-element-button\">Info cartelera<\/a><\/div>\n<\/div>\n<\/div>\n<\/div>\n<\/section>\n<\/div>\n<\/div>\n<\/section>\n\n<p><\/p>\n\t\t\t\t\t\t\t\t<\/div>\n\t\t\t\t<\/div>\n\t\t\t\t\t<\/div>\n\t\t<\/div>\n\t\t\t\t\t<\/div>\n\t\t<\/section>\n\t\t\t\t<\/div>\n\t\t","protected":false},"excerpt":{"rendered":"","protected":false},"author":2,"featured_media":180,"parent":0,"menu_order":0,"comment_status":"closed","ping_status":"closed","template":"","meta":{"om_disable_all_campaigns":false,"_monsterinsights_skip_tracking":false,"_monsterinsights_sitenote_active":false,"_monsterinsights_sitenote_note":"","_monsterinsights_sitenote_category":0,"_themeisle_gutenberg_block_has_review":false,"footnotes":""},"class_list":["post-144","page","type-page","status-publish","has-post-thumbnail","hentry"],"aioseo_notices":[],"_links":{"self":[{"href":"https:\/\/altosdegranada.com\/index.php\/wp-json\/wp\/v2\/pages\/144","targetHints":{"allow":["GET"]}}],"collection":[{"href":"https:\/\/altosdegranada.com\/index.php\/wp-json\/wp\/v2\/pages"}],"about":[{"href":"https:\/\/altosdegranada.com\/index.php\/wp-json\/wp\/v2\/types\/page"}],"author":[{"embeddable":true,"href":"https:\/\/altosdegranada.com\/index.php\/wp-json\/wp\/v2\/users\/2"}],"replies":[{"embeddable":true,"href":"https:\/\/altosdegranada.com\/index.php\/wp-json\/wp\/v2\/comments?post=144"}],"version-history":[{"count":13,"href":"https:\/\/altosdegranada.com\/index.php\/wp-json\/wp\/v2\/pages\/144\/revisions"}],"predecessor-version":[{"id":973,"href":"https:\/\/altosdegranada.com\/index.php\/wp-json\/wp\/v2\/pages\/144\/revisions\/973"}],"wp:featuredmedia":[{"embeddable":true,"href":"https:\/\/altosdegranada.com\/index.php\/wp-json\/wp\/v2\/media\/180"}],"wp:attachment":[{"href":"https:\/\/altosdegranada.com\/index.php\/wp-json\/wp\/v2\/media?parent=144"}],"curies":[{"name":"wp","href":"https:\/\/api.w.org\/{rel}","templated":true}]}}