{"id":204,"date":"2022-05-22T01:32:42","date_gmt":"2022-05-22T01:32:42","guid":{"rendered":"https:\/\/altosdegranada.com\/?page_id=204"},"modified":"2022-05-22T20:56:31","modified_gmt":"2022-05-22T20:56:31","slug":"comunicacion-virtual","status":"publish","type":"page","link":"https:\/\/altosdegranada.com\/index.php\/comunicacion-virtual\/","title":{"rendered":"Comunicaci\u00f3n Virtual"},"content":{"rendered":"\n<section id=\"wp-block-themeisle-blocks-advanced-columns-c35e1bf3\" class=\"wp-block-themeisle-blocks-advanced-columns alignfull has-3-columns has-desktop-equal-layout has-tablet-equal-layout has-mobile-collapsedRows-layout has-vertical-flex-start\"><div class=\"wp-block-themeisle-blocks-advanced-columns-overlay\"><\/div><div class=\"innerblocks-wrap\">\n<div id=\"wp-block-themeisle-blocks-advanced-column-7002fb8f\" class=\"wp-block-themeisle-blocks-advanced-column\">\n<figure class=\"wp-block-image size-full\"><img data-opt-id=1388751242  fetchpriority=\"high\" decoding=\"async\" width=\"500\" height=\"300\" src=\"https:\/\/mlzzrqkxgqkz.i.optimole.com\/cb:FsOe.e48\/w:auto\/h:auto\/q:mauto\/f:best\/https:\/\/altosdegranada.com\/wp-content\/uploads\/2022\/05\/pensamiento-critico.png\" alt=\"\" class=\"wp-image-206\" srcset=\"https:\/\/mlzzrqkxgqkz.i.optimole.com\/cb:FsOe.e48\/w:500\/h:300\/q:mauto\/f:best\/https:\/\/altosdegranada.com\/wp-content\/uploads\/2022\/05\/pensamiento-critico.png 500w, https:\/\/mlzzrqkxgqkz.i.optimole.com\/cb:FsOe.e48\/w:300\/h:180\/q:mauto\/f:best\/https:\/\/altosdegranada.com\/wp-content\/uploads\/2022\/05\/pensamiento-critico.png 300w, https:\/\/mlzzrqkxgqkz.i.optimole.com\/cb:FsOe.e48\/w:18\/h:12\/q:mauto\/f:best\/dpr:2\/https:\/\/altosdegranada.com\/wp-content\/uploads\/2022\/05\/pensamiento-critico.png 18w\" sizes=\"(max-width: 500px) 100vw, 500px\" \/><\/figure>\n\n\n\n<h3 class=\"has-text-align-left wp-block-heading\">Administraci\u00f3n<\/h3>\n\n\n\n<p class=\"has-text-align-left\">Env\u00eda mensaje a la administraci\u00f3n, realizando solicitudes o notificaciones referente a temas de facturaci\u00f3n, o de seguridad. Una vez notificada la admiRecibiras respuesta a tus inquietudes de manera oportuna.<\/p>\n\n\n\n<div class=\"wp-block-buttons is-layout-flex wp-block-buttons-is-layout-flex\">\n<div class=\"wp-block-button is-style-primary\"><a class=\"wp-block-button__link has-header-gradient-background-color has-background\" href=\"\/index.php\/form-administracion\/\">Mensaje a Administraci\u00f3n<\/a><\/div>\n<\/div>\n<\/div>\n\n\n\n<div id=\"wp-block-themeisle-blocks-advanced-column-3e5aec1f\" class=\"wp-block-themeisle-blocks-advanced-column\">\n<figure class=\"wp-block-image size-full\"><img data-opt-id=1203880521  fetchpriority=\"high\" decoding=\"async\" width=\"500\" height=\"300\" src=\"https:\/\/mlzzrqkxgqkz.i.optimole.com\/cb:FsOe.e48\/w:auto\/h:auto\/q:mauto\/f:best\/https:\/\/altosdegranada.com\/wp-content\/uploads\/2022\/05\/PAZ-MUNDIAL.png\" alt=\"\" class=\"wp-image-207\" srcset=\"https:\/\/mlzzrqkxgqkz.i.optimole.com\/cb:FsOe.e48\/w:500\/h:300\/q:mauto\/f:best\/https:\/\/altosdegranada.com\/wp-content\/uploads\/2022\/05\/PAZ-MUNDIAL.png 500w, https:\/\/mlzzrqkxgqkz.i.optimole.com\/cb:FsOe.e48\/w:300\/h:180\/q:mauto\/f:best\/https:\/\/altosdegranada.com\/wp-content\/uploads\/2022\/05\/PAZ-MUNDIAL.png 300w, https:\/\/mlzzrqkxgqkz.i.optimole.com\/cb:FsOe.e48\/w:18\/h:12\/q:mauto\/f:best\/dpr:2\/https:\/\/altosdegranada.com\/wp-content\/uploads\/2022\/05\/PAZ-MUNDIAL.png 18w\" sizes=\"(max-width: 500px) 100vw, 500px\" \/><\/figure>\n\n\n\n<h3 class=\"has-text-align-left wp-block-heading\">Comit\u00e9 de Convivencia.<\/h3>\n\n\n\n<p class=\"has-text-align-left\">El comit\u00e9 de convivencia, te ayudar\u00e1 a gestionar la vida armoniosa en nuestra comunidad, notificale o consulta sobre situaciones que involucren, temas de mascotas, ruidos y acciones no adecuadas que generen incomodidad. <\/p>\n\n\n\n<div class=\"wp-block-buttons is-layout-flex wp-block-buttons-is-layout-flex\">\n<div class=\"wp-block-button is-style-primary\"><a class=\"wp-block-button__link has-header-gradient-background-color has-background\" href=\"\/index.php\/form-comite-convivencia\/\">Mensaje al  Comit\u00e9<\/a><\/div>\n<\/div>\n<\/div>\n\n\n\n<div id=\"wp-block-themeisle-blocks-advanced-column-be60fbba\" class=\"wp-block-themeisle-blocks-advanced-column\">\n<figure class=\"wp-block-image size-full\"><img data-opt-id=19626154  fetchpriority=\"high\" decoding=\"async\" width=\"500\" height=\"300\" src=\"https:\/\/mlzzrqkxgqkz.i.optimole.com\/cb:FsOe.e48\/w:auto\/h:auto\/q:mauto\/f:best\/https:\/\/altosdegranada.com\/wp-content\/uploads\/2022\/05\/Risk_Management_How_Can_UK_Board_Directors_Mitigate_Risk_Diligent_Board_Management_Software.png\" alt=\"\" class=\"wp-image-208\" srcset=\"https:\/\/mlzzrqkxgqkz.i.optimole.com\/cb:FsOe.e48\/w:500\/h:300\/q:mauto\/f:best\/https:\/\/altosdegranada.com\/wp-content\/uploads\/2022\/05\/Risk_Management_How_Can_UK_Board_Directors_Mitigate_Risk_Diligent_Board_Management_Software.png 500w, https:\/\/mlzzrqkxgqkz.i.optimole.com\/cb:FsOe.e48\/w:300\/h:180\/q:mauto\/f:best\/https:\/\/altosdegranada.com\/wp-content\/uploads\/2022\/05\/Risk_Management_How_Can_UK_Board_Directors_Mitigate_Risk_Diligent_Board_Management_Software.png 300w, https:\/\/mlzzrqkxgqkz.i.optimole.com\/cb:FsOe.e48\/w:18\/h:12\/q:mauto\/f:best\/dpr:2\/https:\/\/altosdegranada.com\/wp-content\/uploads\/2022\/05\/Risk_Management_How_Can_UK_Board_Directors_Mitigate_Risk_Diligent_Board_Management_Software.png 18w\" sizes=\"(max-width: 500px) 100vw, 500px\" \/><\/figure>\n\n\n\n<h3 class=\"has-text-align-left wp-block-heading\">Consejo de Admon.<\/h3>\n\n\n\n<p class=\"has-text-align-left\">Comunicate con tu consejo de Administraci\u00f3n, enviale mensajes de recomendaciones para un mejor vivir, en temas de seguridad, infraestructura, o politicas que consideres deberiamos tener presente en nuestra comunidad.<\/p>\n\n\n\n<div class=\"wp-block-buttons is-layout-flex wp-block-buttons-is-layout-flex\">\n<div class=\"wp-block-button is-style-primary\"><a class=\"wp-block-button__link has-header-gradient-background-color has-background\" href=\"\/index.php\/comunicate-con-el-consejo\/\">Mensaje al Consejo<\/a><\/div>\n<\/div>\n<\/div>\n<\/div><\/section>\n\n\n\n<p><\/p>\n","protected":false},"excerpt":{"rendered":"","protected":false},"author":2,"featured_media":0,"parent":0,"menu_order":0,"comment_status":"closed","ping_status":"closed","template":"","meta":{"om_disable_all_campaigns":false,"_monsterinsights_skip_tracking":false,"_monsterinsights_sitenote_active":false,"_monsterinsights_sitenote_note":"","_monsterinsights_sitenote_category":0,"_themeisle_gutenberg_block_has_review":false,"footnotes":""},"class_list":["post-204","page","type-page","status-publish","hentry"],"aioseo_notices":[],"_links":{"self":[{"href":"https:\/\/altosdegranada.com\/index.php\/wp-json\/wp\/v2\/pages\/204","targetHints":{"allow":["GET"]}}],"collection":[{"href":"https:\/\/altosdegranada.com\/index.php\/wp-json\/wp\/v2\/pages"}],"about":[{"href":"https:\/\/altosdegranada.com\/index.php\/wp-json\/wp\/v2\/types\/page"}],"author":[{"embeddable":true,"href":"https:\/\/altosdegranada.com\/index.php\/wp-json\/wp\/v2\/users\/2"}],"replies":[{"embeddable":true,"href":"https:\/\/altosdegranada.com\/index.php\/wp-json\/wp\/v2\/comments?post=204"}],"version-history":[{"count":3,"href":"https:\/\/altosdegranada.com\/index.php\/wp-json\/wp\/v2\/pages\/204\/revisions"}],"predecessor-version":[{"id":272,"href":"https:\/\/altosdegranada.com\/index.php\/wp-json\/wp\/v2\/pages\/204\/revisions\/272"}],"wp:attachment":[{"href":"https:\/\/altosdegranada.com\/index.php\/wp-json\/wp\/v2\/media?parent=204"}],"curies":[{"name":"wp","href":"https:\/\/api.w.org\/{rel}","templated":true}]}}