{"id":231,"date":"2022-05-22T01:28:13","date_gmt":"2022-05-22T01:28:13","guid":{"rendered":"https:\/\/altosdegranada.com\/?page_id=231"},"modified":"2022-05-22T01:28:13","modified_gmt":"2022-05-22T01:28:13","slug":"comunicate-con-el-consejo","status":"publish","type":"page","link":"https:\/\/altosdegranada.com\/index.php\/comunicate-con-el-consejo\/","title":{"rendered":"Comunicate con el consejo"},"content":{"rendered":"\n<div id=\"wp-block-themeisle-blocks-advanced-columns-8667749d\" class=\"wp-block-themeisle-blocks-advanced-columns has-1-columns has-desktop-equal-layout has-tablet-equal-layout has-mobile-equal-layout has-vertical-unset\"><div class=\"wp-block-themeisle-blocks-advanced-columns-overlay\"><\/div><div class=\"innerblocks-wrap\">\n<div id=\"wp-block-themeisle-blocks-advanced-column-b3198c4d\" class=\"wp-block-themeisle-blocks-advanced-column\"><div class=\"wpforms-container wpforms-container-full wpforms-block\" id=\"wpforms-220\"><form id=\"wpforms-form-220\" class=\"wpforms-validate wpforms-form\" data-formid=\"220\" method=\"post\" enctype=\"multipart\/form-data\" action=\"\/index.php\/wp-json\/wp\/v2\/pages\/231\" data-token=\"80427c03b420a9d4e5cf2879f81b54e7\" data-token-time=\"1777884553\"><noscript class=\"wpforms-error-noscript\">Por favor, activa JavaScript en tu navegador para completar este formulario.<\/noscript><div class=\"wpforms-field-container\"><div id=\"wpforms-220-field_0-container\" class=\"wpforms-field wpforms-field-name wpforms-one-half wpforms-first\" data-field-id=\"0\"><label class=\"wpforms-field-label wpforms-label-hide\">Nombre <span class=\"wpforms-required-label\">*<\/span><\/label><div class=\"wpforms-field-row wpforms-field-large\"><div class=\"wpforms-field-row-block wpforms-first wpforms-one-half\"><input type=\"text\" id=\"wpforms-220-field_0\" class=\"wpforms-field-name-first wpforms-field-required\" name=\"wpforms[fields][0][first]\" placeholder=\"Nombre\" required><label for=\"wpforms-220-field_0\" class=\"wpforms-field-sublabel after\">Nombre<\/label><\/div><div class=\"wpforms-field-row-block wpforms-one-half\"><input type=\"text\" id=\"wpforms-220-field_0-last\" class=\"wpforms-field-name-last wpforms-field-required\" name=\"wpforms[fields][0][last]\" placeholder=\"Apellidos\" required><label for=\"wpforms-220-field_0-last\" class=\"wpforms-field-sublabel after\">Apellidos<\/label><\/div><\/div><\/div><div id=\"wpforms-220-field_14-container\" class=\"wpforms-field wpforms-field-number wpforms-two-thirds wpforms-first\" data-field-id=\"14\"><label class=\"wpforms-field-label\" for=\"wpforms-220-field_14\">Numero de Documento <span class=\"wpforms-required-label\">*<\/span><\/label><input type=\"number\" id=\"wpforms-220-field_14\" class=\"wpforms-field-medium wpforms-field-required\" name=\"wpforms[fields][14]\" placeholder=\"#CC o CE\" step=\"any\" required><div class=\"wpforms-field-description\">Para evitar Comunicados de Anonimos, es necesario que su N\u00famero de documento est\u00e9 asociado a su N\u00famero de Apartamento.\n<\/div><\/div><div id=\"wpforms-220-field_7-container\" class=\"wpforms-field wpforms-field-select wpforms-field-select-style-classic\" data-field-id=\"7\"><label class=\"wpforms-field-label\" for=\"wpforms-220-field_7\">Torre <span class=\"wpforms-required-label\">*<\/span><\/label><select id=\"wpforms-220-field_7\" class=\"wpforms-field-small wpforms-field-required\" name=\"wpforms[fields][7]\" required=\"required\"><option value=\"1\"  class=\"choice-1 depth-1\"  >1<\/option><option value=\"2\"  class=\"choice-2 depth-1\"  >2<\/option><option value=\"3\"  class=\"choice-3 depth-1\"  >3<\/option><option value=\"4\"  class=\"choice-4 depth-1\"  >4<\/option><option value=\"5\"  class=\"choice-5 depth-1\"  >5<\/option><\/select><div class=\"wpforms-field-description\">Selecciona la torre a la pertenece tu Apartamento.<\/div><\/div><div id=\"wpforms-220-field_8-container\" class=\"wpforms-field wpforms-field-number wpforms-one-third wpforms-first wpforms-one-half\" data-field-id=\"8\"><label class=\"wpforms-field-label\" for=\"wpforms-220-field_8\">Numero de Apartamento <span class=\"wpforms-required-label\">*<\/span><\/label><input type=\"number\" id=\"wpforms-220-field_8\" class=\"wpforms-field-medium wpforms-field-required\" name=\"wpforms[fields][8]\" placeholder=\"ej . 1002\" step=\"any\" required><\/div><div id=\"wpforms-220-field_3-container\" class=\"wpforms-field wpforms-field-email wpforms-one-half\" data-field-id=\"3\"><label class=\"wpforms-field-label wpforms-label-hide\" for=\"wpforms-220-field_3\">Email <span class=\"wpforms-required-label\">*<\/span><\/label><input type=\"email\" id=\"wpforms-220-field_3\" class=\"wpforms-field-medium wpforms-field-required\" name=\"wpforms[fields][3]\" placeholder=\"Tu correo Electronico\" spellcheck=\"false\" required><\/div><div id=\"wpforms-220-field_5-container\" class=\"wpforms-field wpforms-field-text\" data-field-id=\"5\"><label class=\"wpforms-field-label wpforms-label-hide\" for=\"wpforms-220-field_5\">Asunto (copy) <span class=\"wpforms-required-label\">*<\/span><\/label><input type=\"text\" id=\"wpforms-220-field_5\" class=\"wpforms-field-large wpforms-field-required\" name=\"wpforms[fields][5]\" placeholder=\"Asunto\" required><\/div><div id=\"wpforms-220-field_2-container\" class=\"wpforms-field wpforms-field-textarea\" data-field-id=\"2\"><label class=\"wpforms-field-label\" for=\"wpforms-220-field_2\">Mensaje <span class=\"wpforms-required-label\">*<\/span><\/label><textarea id=\"wpforms-220-field_2\" class=\"wpforms-field-medium wpforms-field-required\" name=\"wpforms[fields][2]\" placeholder=\"Your Message\" required><\/textarea><\/div><div id=\"wpforms-220-field_13-container\" class=\"wpforms-field wpforms-field-text\" data-field-id=\"13\"><label class=\"wpforms-field-label\" for=\"wpforms-220-field_13\">Texto de una sola l\u00ednea<\/label><input type=\"text\" id=\"wpforms-220-field_13\" class=\"wpforms-field-medium\" name=\"wpforms[fields][13]\" ><\/div><\/div><!-- .wpforms-field-container --><div class=\"wpforms-submit-container\" ><input type=\"hidden\" name=\"wpforms[id]\" value=\"220\"><input type=\"hidden\" name=\"page_title\" value=\"\"><input type=\"hidden\" name=\"page_url\" value=\"https:\/\/altosdegranada.com\/index.php\/wp-json\/wp\/v2\/pages\/231\"><input type=\"hidden\" name=\"url_referer\" value=\"\"><button type=\"submit\" name=\"wpforms[submit]\" id=\"wpforms-submit-220\" class=\"wpforms-submit\" data-alt-text=\"Enviando Mensaje .......\" data-submit-text=\"Enviar Mensaje\" aria-live=\"assertive\" value=\"wpforms-submit\">Enviar Mensaje<\/button><\/div><\/form><\/div>  <!-- .wpforms-container --><\/div>\n<\/div><\/div>\n","protected":false},"excerpt":{"rendered":"","protected":false},"author":2,"featured_media":232,"parent":0,"menu_order":0,"comment_status":"closed","ping_status":"closed","template":"","meta":{"om_disable_all_campaigns":false,"_monsterinsights_skip_tracking":false,"_monsterinsights_sitenote_active":false,"_monsterinsights_sitenote_note":"","_monsterinsights_sitenote_category":0,"_themeisle_gutenberg_block_has_review":false,"footnotes":""},"class_list":["post-231","page","type-page","status-publish","has-post-thumbnail","hentry"],"aioseo_notices":[],"_links":{"self":[{"href":"https:\/\/altosdegranada.com\/index.php\/wp-json\/wp\/v2\/pages\/231","targetHints":{"allow":["GET"]}}],"collection":[{"href":"https:\/\/altosdegranada.com\/index.php\/wp-json\/wp\/v2\/pages"}],"about":[{"href":"https:\/\/altosdegranada.com\/index.php\/wp-json\/wp\/v2\/types\/page"}],"author":[{"embeddable":true,"href":"https:\/\/altosdegranada.com\/index.php\/wp-json\/wp\/v2\/users\/2"}],"replies":[{"embeddable":true,"href":"https:\/\/altosdegranada.com\/index.php\/wp-json\/wp\/v2\/comments?post=231"}],"version-history":[{"count":2,"href":"https:\/\/altosdegranada.com\/index.php\/wp-json\/wp\/v2\/pages\/231\/revisions"}],"predecessor-version":[{"id":744,"href":"https:\/\/altosdegranada.com\/index.php\/wp-json\/wp\/v2\/pages\/231\/revisions\/744"}],"wp:featuredmedia":[{"embeddable":true,"href":"https:\/\/altosdegranada.com\/index.php\/wp-json\/wp\/v2\/media\/232"}],"wp:attachment":[{"href":"https:\/\/altosdegranada.com\/index.php\/wp-json\/wp\/v2\/media?parent=231"}],"curies":[{"name":"wp","href":"https:\/\/api.w.org\/{rel}","templated":true}]}}